{"id":1584,"date":"2020-04-15T12:13:28","date_gmt":"2020-04-15T12:13:28","guid":{"rendered":"https:\/\/colibriwp-work.colibriwp.com\/museum-pro\/?page_id=1584"},"modified":"2026-02-26T01:45:13","modified_gmt":"2026-02-26T01:45:13","slug":"about","status":"publish","type":"page","link":"https:\/\/santuarioloscabos.com\/index.php\/about\/","title":{"rendered":"Nosotros"},"content":{"rendered":"<div data-colibri-id=\"1584-c1\" class=\"style-550 style-local-1584-c1 position-relative\">\n  <!---->\n  <div data-colibri-component=\"section\" data-colibri-id=\"1584-c2\" id=\"content\" class=\"h-section h-section-global-spacing d-flex align-items-lg-center align-items-md-center align-items-center style-1176 style-local-1584-c2 position-relative\">\n    <!---->\n    <!---->\n    <div class=\"h-section-grid-container h-section-boxed-container\">\n      <!---->\n      <div data-colibri-id=\"1584-c3\" class=\"h-row-container gutters-row-lg-2 gutters-row-md-2 gutters-row-2 gutters-row-v-lg-2 gutters-row-v-md-2 gutters-row-v-2 style-1177 style-local-1584-c3 position-relative\">\n        <!---->\n        <div class=\"h-row justify-content-lg-center justify-content-md-center justify-content-center align-items-lg-stretch align-items-md-stretch align-items-stretch gutters-col-lg-2 gutters-col-md-2 gutters-col-2 gutters-col-v-lg-2 gutters-col-v-md-2 gutters-col-v-2\">\n          <!---->\n          <div class=\"h-column h-column-container d-flex h-col-lg-auto h-col-md-auto h-col-auto style-1178-outer style-local-1584-c4-outer\">\n            <div data-colibri-id=\"1584-c4\" class=\"d-flex h-flex-basis h-column__inner h-px-lg-0 h-px-md-0 h-px-0 v-inner-lg-0 v-inner-md-0 v-inner-0 style-1178 style-local-1584-c4 position-relative\">\n              <!---->\n              <!---->\n              <div class=\"w-100 h-y-container h-column__content h-column__v-align flex-basis-100 align-self-lg-center align-self-md-center align-self-center\">\n                <!---->\n                <div data-colibri-id=\"1584-c5\" class=\"h-global-transition-all h-heading style-1179 style-local-1584-c5 position-relative h-element\">\n                  <!---->\n                  <div class=\"h-heading__outer style-1179 style-local-1584-c5\">\n                    <!---->\n                    <!---->\n                    <h3 class=\"\">Somos Comunidad<\/h3>\n                  <\/div>\n                <\/div>\n                <div data-colibri-id=\"1584-c6\" class=\"h-row-container gutters-row-lg-0 gutters-row-md-0 gutters-row-2 gutters-row-v-lg-0 gutters-row-v-md-0 gutters-row-v-0 style-1180 style-local-1584-c6 position-relative\">\n                  <!---->\n                  <div class=\"h-row justify-content-lg-center justify-content-md-center justify-content-center align-items-lg-stretch align-items-md-stretch align-items-stretch gutters-col-lg-0 gutters-col-md-0 gutters-col-2 gutters-col-v-lg-0 gutters-col-v-md-0 gutters-col-v-0\">\n                    <!---->\n                    <div class=\"h-column h-column-container d-flex h-col-lg-auto h-col-md-auto h-col-auto style-1181-outer style-local-1584-c7-outer\">\n                      <div data-colibri-id=\"1584-c7\" class=\"d-flex h-flex-basis h-column__inner h-px-lg-1 h-px-md-1 h-px-1 v-inner-lg-1 v-inner-md-1 v-inner-1 style-1181 style-local-1584-c7 position-relative\">\n                        <!---->\n                        <!---->\n                        <div class=\"w-100 h-y-container h-column__content h-column__v-align flex-basis-auto align-self-lg-start align-self-md-start align-self-start\">\n                          <!---->\n                          <div data-colibri-id=\"1584-c8\" class=\"h-icon style-1182 style-local-1584-c8 position-relative h-element\">\n                            <!----><span class=\"h-svg-icon h-icon__icon style-1182-icon style-local-1584-c8-icon\"><!--Icon by Font Awesome (https:\/\/fontawesome.com)-->\n    <svg version=\"1.1\" xmlns=\"http:\/\/www.w3.org\/2000\/svg\" xmlns:xlink=\"http:\/\/www.w3.org\/1999\/xlink\" id=\"users\" viewBox=\"0 0 1920 1896.0833\">\n      <path d=\"M593 896q-162 5-265 128H194q-82 0-138-40.5T0 865q0-353 124-353 6 0 43.5 21t97.5 42.5T384 597q67 0 133-23-5 37-5 66 0 139 81 256zm1071 637q0 120-73 189.5t-194 69.5H523q-121 0-194-69.5T256 1533q0-53 3.5-103.5t14-109T300 1212t43-97.5 62-81 85.5-53.5T602 960q10 0 43 21.5t73 48 107 48 135 21.5 135-21.5 107-48 73-48 43-21.5q61 0 111.5 20t85.5 53.5 62 81 43 97.5 26.5 108.5 14 109 3.5 103.5zM640 256q0 106-75 181t-181 75-181-75-75-181 75-181T384 0t181 75 75 181zm704 384q0 159-112.5 271.5T960 1024 688.5 911.5 576 640t112.5-271.5T960 256t271.5 112.5T1344 640zm576 225q0 78-56 118.5t-138 40.5h-134q-103-123-265-128 81-117 81-256 0-29-5-66 66 23 133 23 59 0 119-21.5t97.5-42.5 43.5-21q124 0 124 353zm-128-609q0 106-75 181t-181 75-181-75-75-181 75-181 181-75 181 75 75 181z\"><\/path>\n    <\/svg><\/span><\/div>\n                        <\/div>\n                      <\/div>\n                    <\/div>\n                    <div class=\"h-column h-column-container d-flex h-col-lg h-col-md h-col-auto style-1183-outer style-local-1584-c9-outer\">\n                      <div data-colibri-id=\"1584-c9\" class=\"d-flex h-flex-basis h-column__inner h-px-lg-1 h-px-md-1 h-px-1 v-inner-lg-1 v-inner-md-1 v-inner-1 style-1183 style-local-1584-c9 position-relative\">\n                        <!---->\n                        <!---->\n                        <div class=\"w-100 h-y-container h-column__content h-column__v-align flex-basis-100 align-self-lg-start align-self-md-start align-self-start\">\n                          <!---->\n                          <div data-colibri-id=\"1584-c10\" class=\"h-text h-text-component style-1185 style-local-1584-c10 position-relative h-element\">\n                            <!---->\n                            <!---->\n                            <div class=\"\">\n                              <p>Santuario nos necesita a todos. Que cada uno sea parte del cambio, agente de primera mano en la generaci\u00f3n de esta comunidad, que la co-participaci\u00f3n y co-creaci\u00f3n activa de todos nos permita alcanzar la calidad de vida a\n                                la que todos aspiramos. En Santuario queremos VIVIR.<\/p>\n                              <p><span style=\"font-weight: 400;\">VIVIR<\/span> un aut\u00e9ntico sentido de comunidad, con procesos de desarrollo inspirados en la \u00e9tica y en el respeto por el otro, por todos los otros y el entorno.<\/p>\n                              <p><span style=\"font-weight: 400;\">VIVIR<\/span> en una comunidad que honra su conexi\u00f3n con la naturaleza y los procesos fundamentales que subyacen y apoyan nuestra existencia f\u00edsica a largo plazo.<\/p>\n                              <p>Porque Santuario es un estilo de vida. Es el cambio. Es el futuro que creamos todos juntos, aqu\u00ed y ahora.<\/p>\n                            <\/div>\n                          <\/div>\n                        <\/div>\n                      <\/div>\n                    <\/div>\n                  <\/div>\n                <\/div>\n              <\/div>\n            <\/div>\n          <\/div>\n          <div class=\"h-column h-column-container d-flex h-col-lg-auto h-col-md-auto h-col-auto style-1188-outer style-local-1584-c11-outer\">\n            <div data-colibri-id=\"1584-c11\" class=\"d-flex h-flex-basis h-column__inner h-px-lg-0 h-px-md-0 h-px-0 v-inner-lg-0 v-inner-md-0 v-inner-0 style-1188 style-local-1584-c11 position-relative\">\n              <!---->\n              <!---->\n              <div class=\"w-100 h-y-container h-column__content h-column__v-align flex-basis-100 align-self-lg-center align-self-md-center align-self-center\">\n                <!---->\n                <div data-colibri-component=\"video\" data-colibri-id=\"1584-c12\" class=\"d-block h-video d-block h-video style-1189 style-local-1584-c12 position-relative h-element\">\n                  <!---->\n                  <div class=\"video-poster\" style=\"background-image: url(&quot;https:\/\/santuarioloscabos.com\/wp-content\/uploads\/2024\/02\/comunidadpic.jpg&quot;);\">\n                    <div class=\"poster-container\">\n                      <div data-colibri-id=\"1584-c13\" class=\"h-icon style-1190 style-local-1584-c13 position-relative h-element\">\n                        <!----><span class=\"h-svg-icon h-icon__icon style-1190-icon style-local-1584-c13-icon\"><!--Icon by Icons8 Line Awesome (https:\/\/icons8.com\/line-awesome)--><svg version=\"1.1\" xmlns=\"http:\/\/www.w3.org\/2000\/svg\" xmlns:xlink=\"http:\/\/www.w3.org\/1999\/xlink\" id=\"play-circle\" viewBox=\"0 0 512 545.5\"><path d=\"M256 96c105.85 0 192 86.15 192 192s-86.15 192-192 192S64 393.85 64 288 150.15 96 256 96zm0 32c-88.555 0-160 71.445-160 160s71.445 160 160 160 160-71.445 160-160-71.445-160-160-160zm-64 50l24 14 144 82 24 14-24 14-144 82-24 14V178zm32 55v110l95.5-55z\"><\/path><\/svg><\/span><\/div>\n                    <\/div>\n                  <\/div>\n                  <div class=\"video-container position-relative\">\n                    <div class=\"h-global-transition-all ratio-inner\"><video class='h-video-main' controls  ><source src=https:\/\/santuarioloscabos.com\/wp-content\/uploads\/2024\/02\/06-Comunidad-Luis-Budart-master.m4v type='video\/mp4' \/><\/video><\/div>\n                  <\/div>\n                <\/div>\n              <\/div>\n            <\/div>\n          <\/div>\n        <\/div>\n      <\/div>\n    <\/div>\n  <\/div>\n  <div data-colibri-component=\"section\" data-colibri-id=\"1584-c14\" id=\"cta\" class=\"h-section h-section-global-spacing d-flex align-items-lg-center align-items-md-center align-items-center style-1191 style-local-1584-c14 position-relative\">\n    <div class=\"background-wrapper\">\n      <div class=\"background-layer background-layer-media-container-lg\">\n        <div data-enabled=\"true\" data-colibri-component=\"parallax\" class=\"background-layer paraxify\" style=\"background-image: url(&quot;https:\/\/santuarioloscabos.com\/wp-content\/uploads\/2024\/02\/nosotrosfndo.jpg&quot;); background-position: center center;\"\n          model-id=\"1584-c14\" media=\"desktop\" is-preview=\"true\">\n          <div class=\"resize-triggers\">\n            <div class=\"expand-trigger\">\n              <div style=\"width: 1px; height: 1px;\"><\/div>\n            <\/div>\n            <div class=\"contract-trigger\"><\/div>\n          <\/div>\n        <\/div>\n      <\/div>\n      <div class=\"background-layer background-layer-media-container-md\">\n        <!---->\n      <\/div>\n      <div class=\"background-layer background-layer-media-container\">\n        <!---->\n      <\/div>\n    <\/div>\n    <!---->\n    <div class=\"h-section-grid-container h-section-boxed-container\">\n      <!---->\n      <div data-colibri-id=\"1584-c15\" class=\"h-row-container gutters-row-lg-0 gutters-row-md-0 gutters-row-0 gutters-row-v-lg-0 gutters-row-v-md-0 gutters-row-v-0 style-1192 style-local-1584-c15 position-relative\">\n        <!---->\n        <div class=\"h-row justify-content-lg-center justify-content-md-center justify-content-center align-items-lg-stretch align-items-md-stretch align-items-stretch gutters-col-lg-0 gutters-col-md-0 gutters-col-0 gutters-col-v-lg-0 gutters-col-v-md-0 gutters-col-v-0\">\n          <!---->\n          <div class=\"h-column h-column-container d-flex h-col-lg-auto h-col-md-auto h-col-auto style-1193-outer style-local-1584-c16-outer\">\n            <div data-colibri-id=\"1584-c16\" class=\"d-flex h-flex-basis h-column__inner h-px-lg-0 h-px-md-0 h-px-0 v-inner-lg-0 v-inner-md-0 v-inner-0 style-1193 style-local-1584-c16 position-relative\">\n              <!---->\n              <!---->\n              <div class=\"w-100 h-y-container h-column__content h-column__v-align flex-basis-100 align-self-lg-start align-self-md-start align-self-start\">\n                <!---->\n                <div data-colibri-id=\"1584-c17\" class=\"h-global-transition-all h-heading style-1194 style-local-1584-c17 position-relative h-element\">\n                  <!---->\n                  <div class=\"h-heading__outer style-1194 style-local-1584-c17\">\n                    <!---->\n                    <!---->\n                    <h2 class=\"\"><span style=\"font-weight: 400;\">Se parte de Santuario<\/span><\/h2>\n                  <\/div>\n                <\/div>\n                <div data-colibri-id=\"1584-c18\" class=\"d-block style-1200 style-local-1584-c18 position-relative h-element\">\n                  <!---->\n                  <div class=\"h-image__frame-container-outer\">\n                    <div class=\"h-image__frame-container\">\n                      <!---->\n                      <!---->\n                      <img loading=\"lazy\" decoding=\"async\" width=\"150\" height=\"150\" src=\"https:\/\/santuarioloscabos.com\/wp-content\/uploads\/2024\/02\/Isotipo-2.png\" class=\"wp-image-4361 style-1200-image style-local-1584-c18-image\" alt=\"\" \/>\n                      <div class=\"h-image__frame h-hide-lg h-hide-md h-hide-sm style-1200-frameImage style-local-1584-c18-frameImage\"><\/div>\n                    <\/div>\n                  <\/div>\n                <\/div>\n                <div data-colibri-id=\"1584-c19\" class=\"h-text h-text-component style-1196 style-local-1584-c19 position-relative h-element\">\n                  <!---->\n                  <!---->\n                  <div class=\"\">\n                    <p>Te invitamos a ser parte de nosotros. <\/p>\n                    <p>A nuestra comunidad le faltan tus manos y tus sue\u00f1os. \u00a1No tardes m\u00e1s!<\/p>\n                  <\/div>\n                <\/div>\n              <\/div>\n            <\/div>\n          <\/div>\n          <div class=\"h-column h-column-container d-flex h-col-lg-auto h-col-md-auto h-col-auto style-1197-outer style-local-1584-c20-outer\">\n            <div data-colibri-id=\"1584-c20\" class=\"d-flex h-flex-basis h-column__inner h-px-lg-0 h-px-md-0 h-px-0 v-inner-lg-0 v-inner-md-0 v-inner-0 style-1197 style-local-1584-c20 position-relative\">\n              <!---->\n              <!---->\n              <div class=\"w-100 h-y-container h-column__content h-column__v-align flex-basis-100 align-self-lg-start align-self-md-start align-self-start\">\n                <!---->\n                <div data-colibri-id=\"1584-c21\" class=\"h-x-container style-1198 style-local-1584-c21 position-relative h-element\">\n                  <!---->\n                  <div class=\"h-x-container-inner style-dynamic-1584-c21-group style-1198-spacing style-local-1584-c21-spacing\"><span class=\"h-button__outer style-1199-outer style-local-1584-c22-outer d-inline-flex h-element\"><a h-use-smooth-scroll=\"true\" href=\"https:\/\/santuarioloscabos.com\/index.php\/contact\/\"  data-colibri-id=\"1584-c22\" class=\"d-flex w-100 align-items-center h-button justify-content-lg-center justify-content-md-center justify-content-center style-1199 style-local-1584-c22 position-relative\"><!----><!----> <span>cont\u00e1ctanos<\/span><\/a>\n                    <\/span>\n                  <\/div>\n                <\/div>\n              <\/div>\n            <\/div>\n          <\/div>\n        <\/div>\n      <\/div>\n    <\/div>\n  <\/div>\n  <div data-colibri-component=\"section\" data-colibri-id=\"1584-c23\" id=\"content-2\" class=\"h-section h-section-global-spacing d-flex align-items-lg-center align-items-md-center align-items-center style-1236 style-local-1584-c23 position-relative\">\n    <!---->\n    <!---->\n    <div class=\"h-section-grid-container h-section-boxed-container\">\n      <div data-colibri-id=\"1584-c28\" class=\"h-row-container gutters-row-lg-2 gutters-row-md-2 gutters-row-2 gutters-row-v-lg-2 gutters-row-v-md-2 gutters-row-v-2 style-1241 style-local-1584-c28 position-relative\">\n        <!---->\n        <div class=\"h-row justify-content-lg-center justify-content-md-center justify-content-center align-items-lg-stretch align-items-md-stretch align-items-stretch gutters-col-lg-2 gutters-col-md-2 gutters-col-2 gutters-col-v-lg-2 gutters-col-v-md-2 gutters-col-v-2\">\n          <!---->\n          <div class=\"h-column h-column-container d-flex h-col-lg-auto h-col-md-auto h-col-auto style-1242-outer style-local-1584-c29-outer\">\n            <div data-colibri-id=\"1584-c29\" class=\"d-flex h-flex-basis h-column__inner h-px-lg-2 h-px-md-2 h-px-0 v-inner-lg-2 v-inner-md-2 v-inner-0 style-1242 style-local-1584-c29 position-relative\">\n              <!---->\n              <!---->\n              <div class=\"w-100 h-y-container h-column__content h-column__v-align flex-basis-100 align-self-lg-start align-self-md-start align-self-start\">\n                <!---->\n                <div data-colibri-id=\"1584-c30\" class=\"h-global-transition-all h-heading style-1243 style-local-1584-c30 position-relative h-element\">\n                  <!---->\n                  <div class=\"h-heading__outer style-1243 style-local-1584-c30\">\n                    <!---->\n                    <!---->\n                    <h2 class=\"\">Nuestro Santuario<\/h2>\n                  <\/div>\n                <\/div>\n              <\/div>\n            <\/div>\n          <\/div>\n        <\/div>\n      <\/div>\n      <div data-colibri-id=\"1584-c24\" class=\"h-row-container gutters-row-lg-2 gutters-row-md-2 gutters-row-2 gutters-row-v-lg-2 gutters-row-v-md-2 gutters-row-v-2 style-1237 style-local-1584-c24 position-relative\">\n        <!---->\n        <div class=\"h-row justify-content-lg-center justify-content-md-center justify-content-center align-items-lg-center align-items-md-center align-items-center gutters-col-lg-2 gutters-col-md-2 gutters-col-2 gutters-col-v-lg-2 gutters-col-v-md-2 gutters-col-v-2\">\n          <!---->\n          <div class=\"h-column h-column-container d-flex h-col-lg-auto h-col-md-auto h-col-auto align-self-lg-center align-self-md-center align-self-center style-1238-outer style-local-1584-c25-outer\">\n            <div data-colibri-id=\"1584-c25\" class=\"d-flex h-flex-basis h-column__inner h-px-lg-0 h-px-md-0 h-px-0 v-inner-lg-0 v-inner-md-0 v-inner-0 style-1238 style-local-1584-c25 position-relative\">\n              <!---->\n              <!---->\n              <div class=\"w-100 h-y-container h-column__content h-column__v-align flex-basis-100 align-self-lg-start align-self-md-start align-self-start\">\n                <!---->\n                <div data-colibri-component=\"video\" data-colibri-id=\"1584-c26\" class=\"d-block h-video d-block h-video style-1239 style-local-1584-c26 position-relative h-element\">\n                  <!---->\n                  <div class=\"video-poster\" style=\"background-image: url(&quot;https:\/\/santuarioloscabos.com\/wp-content\/uploads\/2024\/02\/prevSalidaVideo.jpg&quot;);\">\n                    <div class=\"poster-container\">\n                      <div data-colibri-id=\"1584-c27\" class=\"h-icon style-1240 style-local-1584-c27 position-relative h-element\">\n                        <!----><span class=\"h-svg-icon h-icon__icon style-1240-icon style-local-1584-c27-icon\"><!--Icon by Icons8 Line Awesome (https:\/\/icons8.com\/line-awesome)--><svg version=\"1.1\" xmlns=\"http:\/\/www.w3.org\/2000\/svg\" xmlns:xlink=\"http:\/\/www.w3.org\/1999\/xlink\" id=\"play-circle\" viewBox=\"0 0 512 545.5\"><path d=\"M256 96c105.85 0 192 86.15 192 192s-86.15 192-192 192S64 393.85 64 288 150.15 96 256 96zm0 32c-88.555 0-160 71.445-160 160s71.445 160 160 160 160-71.445 160-160-71.445-160-160-160zm-64 50l24 14 144 82 24 14-24 14-144 82-24 14V178zm32 55v110l95.5-55z\"><\/path><\/svg><\/span><\/div>\n                    <\/div>\n                  <\/div>\n                  <div class=\"video-container position-relative\">\n                    <div class=\"h-global-transition-all ratio-inner\"><video class='h-video-main' controls  ><source src=https:\/\/santuarioloscabos.com\/wp-content\/uploads\/2024\/02\/07-Salida-Gonzalo-master.m4v type='video\/mp4' \/><\/video><\/div>\n                  <\/div>\n                <\/div>\n              <\/div>\n            <\/div>\n          <\/div>\n        <\/div>\n      <\/div>\n    <\/div>\n  <\/div>\n<\/div>","protected":false},"excerpt":{"rendered":"<p>Somos Comunidad Santuario nos necesita a todos. Que cada uno sea parte del cambio, agente de primera mano en la generaci\u00f3n de esta comunidad, que la co-participaci\u00f3n y co-creaci\u00f3n activa de todos nos permita alcanzar la calidad de vida a la que todos aspiramos. En Santuario queremos VIVIR. VIVIR un aut\u00e9ntico sentido de comunidad, con [&hellip;]<\/p>\n","protected":false},"author":1,"featured_media":0,"parent":0,"menu_order":0,"comment_status":"closed","ping_status":"closed","template":"page-templates\/full-width-page.php","meta":{"footnotes":""},"class_list":["post-1584","page","type-page","status-publish","hentry"],"_links":{"self":[{"href":"https:\/\/santuarioloscabos.com\/index.php\/wp-json\/wp\/v2\/pages\/1584","targetHints":{"allow":["GET"]}}],"collection":[{"href":"https:\/\/santuarioloscabos.com\/index.php\/wp-json\/wp\/v2\/pages"}],"about":[{"href":"https:\/\/santuarioloscabos.com\/index.php\/wp-json\/wp\/v2\/types\/page"}],"author":[{"embeddable":true,"href":"https:\/\/santuarioloscabos.com\/index.php\/wp-json\/wp\/v2\/users\/1"}],"replies":[{"embeddable":true,"href":"https:\/\/santuarioloscabos.com\/index.php\/wp-json\/wp\/v2\/comments?post=1584"}],"version-history":[{"count":18,"href":"https:\/\/santuarioloscabos.com\/index.php\/wp-json\/wp\/v2\/pages\/1584\/revisions"}],"predecessor-version":[{"id":5210,"href":"https:\/\/santuarioloscabos.com\/index.php\/wp-json\/wp\/v2\/pages\/1584\/revisions\/5210"}],"wp:attachment":[{"href":"https:\/\/santuarioloscabos.com\/index.php\/wp-json\/wp\/v2\/media?parent=1584"}],"curies":[{"name":"wp","href":"https:\/\/api.w.org\/{rel}","templated":true}]}}