{"id":2766,"date":"2024-01-08T23:02:28","date_gmt":"2024-01-08T23:02:28","guid":{"rendered":"https:\/\/santuarioloscabos.com\/?page_id=2766"},"modified":"2026-02-27T19:20:43","modified_gmt":"2026-02-27T19:20:43","slug":"politicas-de-privacidad","status":"publish","type":"page","link":"https:\/\/santuarioloscabos.com\/index.php\/politicas-de-privacidad\/","title":{"rendered":"Pol\u00edtica de Privacidad"},"content":{"rendered":"<div data-colibri-id=\"2766-c1\" class=\"style-1543 style-local-2766-c1 position-relative\">\r\n  <!---->\r\n  <div data-colibri-component=\"section\" data-colibri-id=\"2766-c2\" id=\"custom\" class=\"h-section h-section-global-spacing d-flex align-items-lg-center align-items-md-center align-items-center style-1544 style-local-2766-c2 position-relative\">\r\n    <!---->\r\n    <!---->\r\n    <div class=\"h-section-grid-container h-section-boxed-container\">\r\n      <!---->\r\n      <div data-colibri-id=\"2766-c12\" class=\"h-row-container gutters-row-lg-2 gutters-row-md-2 gutters-row-0 gutters-row-v-lg-2 gutters-row-v-md-2 gutters-row-v-2 style-1554 style-local-2766-c12 position-relative\">\r\n        <!---->\r\n        <div class=\"h-row justify-content-lg-center justify-content-md-center justify-content-center align-items-lg-stretch align-items-md-stretch align-items-stretch gutters-col-lg-2 gutters-col-md-2 gutters-col-0 gutters-col-v-lg-2 gutters-col-v-md-2 gutters-col-v-2\">\r\n          <!---->\r\n          <div class=\"h-column h-column-container d-flex h-col-lg-auto h-col-md-auto h-col-auto style-1555-outer style-local-2766-c13-outer\">\r\n            <div data-colibri-id=\"2766-c13\" class=\"d-flex h-flex-basis h-column__inner h-px-lg-2 h-px-md-2 h-px-2 v-inner-lg-2 v-inner-md-2 v-inner-2 style-1555 style-local-2766-c13 position-relative\">\r\n              <!---->\r\n              <!---->\r\n              <div class=\"w-100 h-y-container h-column__content h-column__v-align flex-basis-100 align-self-lg-start align-self-md-start align-self-start\">\r\n                <!---->\r\n                <div data-colibri-id=\"2766-c14\" class=\"h-global-transition-all h-heading style-1550 style-local-2766-c14 position-relative h-element\">\r\n                  <!---->\r\n                  <div class=\"h-heading__outer style-1550 style-local-2766-c14\">\r\n                    <!---->\r\n                    <!---->\r\n                    <h2 class=\"\">Pol\u00edtica de Privacidad<\/h2>\r\n                  <\/div>\r\n                <\/div>\r\n                <div data-colibri-id=\"2766-c20\" class=\"h-text h-text-component style-1547 style-local-2766-c20 position-relative h-element\">\r\n                  <!---->\r\n                  <!---->\r\n                  <div class=\"\">\r\n                    <p>Fecha de entrada en vigor: 02\/27\/2026<\/p>\r\n                  <\/div>\r\n                <\/div>\r\n                <div data-colibri-id=\"2766-c28\" class=\"h-global-transition-all h-heading style-1558 style-local-2766-c28 position-relative h-element\">\r\n                  <!---->\r\n                  <div class=\"h-heading__outer style-1558 style-local-2766-c28\">\r\n                    <!---->\r\n                    <!---->\r\n                    <h3 class=\"\">1. Introducci\u00f3n<\/h3>\r\n                  <\/div>\r\n                <\/div>\r\n                <div data-colibri-id=\"2766-c21\" class=\"h-text h-text-component style-1547 style-local-2766-c21 position-relative h-element\">\r\n                  <!---->\r\n                  <!---->\r\n                  <div class=\"\">\r\n                    <p>Esta Pol\u00edtica de Privacidad describe c\u00f3mo Desarrolladora Santuario los Cabos (\u00abnosotros\u00bb, \u00abnuestro\u00bb o \u00abla Empresa\u00bb) recopila, utiliza y divulga su informaci\u00f3n personal cuando visita y utiliza el sitio web Santuario los Cabos(el \u00abSitio\u00bb).\r\n                      Nos comprometemos a proteger su privacidad y a manejar su informaci\u00f3n personal de manera responsable y de acuerdo con las leyes de protecci\u00f3n de datos aplicables. Al utilizar nuestro Sitio, usted acepta la recopilaci\u00f3n y el uso de\r\n                      informaci\u00f3n de acuerdo con esta pol\u00edtica.<\/p>\r\n                  <\/div>\r\n                <\/div>\r\n                <div data-colibri-id=\"2766-c32\" class=\"h-global-transition-all h-heading style-1558 style-local-2766-c32 position-relative h-element\">\r\n                  <!---->\r\n                  <div class=\"h-heading__outer style-1558 style-local-2766-c32\">\r\n                    <!---->\r\n                    <!---->\r\n                    <h3 class=\"\">2. Informaci\u00f3n recopilada<\/h3>\r\n                  <\/div>\r\n                <\/div>\r\n                <div data-colibri-id=\"2766-c33\" class=\"h-text h-text-component style-1547 style-local-2766-c33 position-relative h-element\">\r\n                  <!---->\r\n                  <!---->\r\n                  <div class=\"\">\r\n                    <p>Recopilamos varios tipos de informaci\u00f3n para proporcionar y mejorar nuestros servicios.<\/p>\r\n                    <p>A. Informaci\u00f3n personal:<\/p>\r\n                    <ul>\r\n                      <li>Nombre completo<\/li>\r\n                      <li>Direcci\u00f3n de correo electr\u00f3nico<\/li>\r\n                      <li>Direcci\u00f3n postal<\/li>\r\n                      <li>N\u00famero de tel\u00e9fono <\/li>\r\n                    <\/ul>\r\n                    <p>B. Datos de uso:<\/p>\r\n                    <ul>\r\n                      <li>Direcci\u00f3n IP (Protocolo de Internet)<\/li>\r\n                      <li>Tipo de navegador y versi\u00f3n<\/li>\r\n                      <li>P\u00e1ginas de nuestro Sitio que visita<\/li>\r\n                      <li>Hora y fecha de su visita<\/li>\r\n                      <li>Tiempo dedicado a esas p\u00e1ginas<\/li>\r\n                      <li>Identificadores \u00fanicos de dispositivo y otros datos de diagn\u00f3stico<\/li>\r\n                    <\/ul>\r\n                    <p>C. Datos de seguimiento y cookies:<\/p>\r\n                    <ul>\r\n                      <li>Utilizamos cookies y tecnolog\u00edas de seguimiento similares para rastrear la actividad en nuestro Sitio y mantener cierta informaci\u00f3n.<\/li>\r\n                    <\/ul>\r\n                  <\/div>\r\n                <\/div>\r\n                <div data-colibri-id=\"2766-c35\" class=\"h-global-transition-all h-heading style-1558 style-local-2766-c35 position-relative h-element\">\r\n                  <!---->\r\n                  <div class=\"h-heading__outer style-1558 style-local-2766-c35\">\r\n                    <!---->\r\n                    <!---->\r\n                    <h3 class=\"\">3. Uso de la informaci\u00f3n<\/h3>\r\n                  <\/div>\r\n                <\/div>\r\n                <div data-colibri-id=\"2766-c34\" class=\"h-text h-text-component style-1547 style-local-2766-c34 position-relative h-element\">\r\n                  <!---->\r\n                  <!---->\r\n                  <div class=\"\">\r\n                    <p>La informaci\u00f3n que recopilamos se utiliza para diversos fines:<\/p>\r\n                    <ul>\r\n                      <li>Para proporcionar y mantener nuestro Sitio.<\/li>\r\n                      <li>Para notificarle sobre cambios en nuestro Sitio.<\/li>\r\n                      <li>Para permitirle participar en funciones interactivas de nuestro Sitio cuando elija hacerlo.<\/li>\r\n                      <li>Para proporcionar atenci\u00f3n al cliente.<\/li>\r\n                      <li>Para recopilar an\u00e1lisis o informaci\u00f3n valiosa para que podamos mejorar nuestro Sitio.<\/li>\r\n                      <li>Para monitorear el uso de nuestro Sitio.<\/li>\r\n                      <li>Para detectar, prevenir y abordar problemas t\u00e9cnicos.<\/li>\r\n                      <li>Para cumplir con nuestras obligaciones legales.<\/li>\r\n                      <li>Para enviarle noticias, ofertas especiales e informaci\u00f3n general sobre otros bienes, servicios y eventos que ofrecemos y que son similares a los que ya ha comprado o sobre los que ha preguntado, a menos que haya optado por no recibir\r\n                        dicha informaci\u00f3n.<\/li>\r\n                    <\/ul>\r\n                  <\/div>\r\n                <\/div>\r\n                <div data-colibri-id=\"2766-c37\" class=\"h-global-transition-all h-heading style-1558 style-local-2766-c37 position-relative h-element\">\r\n                  <!---->\r\n                  <div class=\"h-heading__outer style-1558 style-local-2766-c37\">\r\n                    <!---->\r\n                    <!---->\r\n                    <h3 class=\"\">4. Cookies y tecnolog\u00edas de rastreo<\/h3>\r\n                  <\/div>\r\n                <\/div>\r\n                <div data-colibri-id=\"2766-c36\" class=\"h-text h-text-component style-1547 style-local-2766-c36 position-relative h-element\">\r\n                  <!---->\r\n                  <!---->\r\n                  <div class=\"\">\r\n                    <p>Utilizamos cookies y tecnolog\u00edas de seguimiento similares para rastrear la actividad en nuestro Sitio y mantener cierta informaci\u00f3n. Las cookies son archivos con una peque\u00f1a cantidad de datos que pueden incluir un identificador \u00fanico\r\n                      an\u00f3nimo. Las cookies se env\u00edan a su navegador desde un sitio web y se almacenan en su dispositivo. Las tecnolog\u00edas de seguimiento tambi\u00e9n utilizadas son balizas, etiquetas y scripts para recopilar y rastrear informaci\u00f3n y para mejorar\r\n                      y analizar nuestro Sitio.<\/p>\r\n                    <p>Usted puede indicar a su navegador que rechace todas las cookies o que le indique cu\u00e1ndo se env\u00eda una cookie. Sin embargo, si no acepta las cookies, es posible que no pueda utilizar algunas partes de nuestro Sitio.<\/p>\r\n                  <\/div>\r\n                <\/div>\r\n                <div data-colibri-id=\"2766-c38\" class=\"h-global-transition-all h-heading style-1558 style-local-2766-c38 position-relative h-element\">\r\n                  <!---->\r\n                  <div class=\"h-heading__outer style-1558 style-local-2766-c38\">\r\n                    <!---->\r\n                    <!---->\r\n                    <h3 class=\"\">5. Intercambio y divulgaci\u00f3n de datos<\/h3>\r\n                  <\/div>\r\n                <\/div>\r\n                <div data-colibri-id=\"2766-c39\" class=\"h-text h-text-component style-1547 style-local-2766-c39 position-relative h-element\">\r\n                  <!---->\r\n                  <!---->\r\n                  <div class=\"\">\r\n                    <p>Podemos compartir su informaci\u00f3n personal en las siguientes situaciones:<\/p>\r\n                    <ul>\r\n                      <li><span style=\"font-weight: 400;\">Con proveedores de servicios:<\/span> Podemos compartir su informaci\u00f3n personal con proveedores de servicios externos para monitorear y analizar el uso de nuestro Sitio, para procesar pagos, para contactarlo.<\/li>\r\n                      <li><span style=\"font-weight: 400;\">Para transferencias comerciales: <\/span>Podemos compartir o transferir su informaci\u00f3n personal en relaci\u00f3n con, o durante las negociaciones de, cualquier fusi\u00f3n, venta de activos de la empresa, financiaci\u00f3n\r\n                        o adquisici\u00f3n de la totalidad o una parte de nuestro negocio a otra empresa.<\/li>\r\n                      <li><span style=\"font-weight: 400;\">Con afiliados:<\/span> Podemos compartir su informaci\u00f3n con nuestros afiliados, en cuyo caso les exigiremos que respeten esta Pol\u00edtica de Privacidad. Los afiliados incluyen nuestra empresa matriz y\r\n                        cualquier otra subsidiaria, socios de empresas conjuntas u otras empresas que controlamos o que est\u00e1n bajo control com\u00fan con nosotros.<\/li>\r\n                      <li><span style=\"font-weight: 400;\">Con socios comerciales:<\/span> Podemos compartir su informaci\u00f3n con nuestros socios comerciales para ofrecerle ciertos productos, servicios o promociones.<\/li>\r\n                      <li><span style=\"font-weight: 400;\">Con otros usuarios:<\/span> Cuando comparte informaci\u00f3n personal o interact\u00faa de otra manera en las \u00e1reas p\u00fablicas con otros usuarios, dicha informaci\u00f3n puede ser vista por todos los usuarios y puede\r\n                        ser distribuida p\u00fablicamente en el exterior.<\/li>\r\n                      <li><span style=\"font-weight: 400;\">Con su consentimiento:<\/span> Podemos divulgar su informaci\u00f3n personal para cualquier otro prop\u00f3sito con su consentimiento.<\/li>\r\n                    <\/ul>\r\n                  <\/div>\r\n                <\/div>\r\n                <div data-colibri-id=\"2766-c41\" class=\"h-global-transition-all h-heading style-1558 style-local-2766-c41 position-relative h-element\">\r\n                  <!---->\r\n                  <div class=\"h-heading__outer style-1558 style-local-2766-c41\">\r\n                    <!---->\r\n                    <!---->\r\n                    <h3 class=\"\">6. Seguridad de los datos<\/h3>\r\n                  <\/div>\r\n                <\/div>\r\n                <div data-colibri-id=\"2766-c40\" class=\"h-text h-text-component style-1547 style-local-2766-c40 position-relative h-element\">\r\n                  <!---->\r\n                  <!---->\r\n                  <div class=\"\">\r\n                    <p>La seguridad de sus datos es importante para nosotros, pero recuerde que ning\u00fan m\u00e9todo de transmisi\u00f3n por Internet o m\u00e9todo de almacenamiento electr\u00f3nico es 100% seguro. Si bien nos esforzamos por utilizar medios comercialmente aceptables\r\n                      para proteger su informaci\u00f3n personal, no podemos garantizar su seguridad absoluta. Implementamos medidas de seguridad t\u00e9cnicas y organizativas apropiadas para proteger su informaci\u00f3n personal contra el acceso no autorizado, la divulgaci\u00f3n,\r\n                      la alteraci\u00f3n o la destrucci\u00f3n.<\/p>\r\n                  <\/div>\r\n                <\/div>\r\n                <div data-colibri-id=\"2766-c43\" class=\"h-global-transition-all h-heading style-1558 style-local-2766-c43 position-relative h-element\">\r\n                  <!---->\r\n                  <div class=\"h-heading__outer style-1558 style-local-2766-c43\">\r\n                    <!---->\r\n                    <!---->\r\n                    <h3 class=\"\">7. Derechos de los usuarios<\/h3>\r\n                  <\/div>\r\n                <\/div>\r\n                <div data-colibri-id=\"2766-c42\" class=\"h-text h-text-component style-1547 style-local-2766-c42 position-relative h-element\">\r\n                  <!---->\r\n                  <!---->\r\n                  <div class=\"\">\r\n                    <p>Usted tiene ciertos derechos de protecci\u00f3n de datos. Nos esforzamos por tomar medidas razonables para permitirle corregir, modificar, eliminar o limitar el uso de su informaci\u00f3n personal.<\/p>\r\n                    <p>Si desea ser informado sobre qu\u00e9 informaci\u00f3n personal tenemos sobre usted y si desea que se elimine de nuestros sistemas, cont\u00e1ctenos.<\/p>\r\n                    <p>En ciertas circunstancias, usted tiene los siguientes derechos de protecci\u00f3n de datos:<\/p>\r\n                    <ul>\r\n                      <li><span style=\"font-weight: 400;\">El derecho a acceder, actualizar o eliminar la informaci\u00f3n que tenemos sobre usted.<\/span> Siempre que sea posible, puede acceder, actualizar o solicitar la eliminaci\u00f3n de su informaci\u00f3n personal directamente\r\n                        dentro de la secci\u00f3n de configuraci\u00f3n de su cuenta. Si no puede realizar estas acciones usted mismo, cont\u00e1ctenos para ayudarlo.<\/li>\r\n                      <li><span style=\"font-weight: 400;\">El derecho de rectificaci\u00f3n.<\/span> Tiene derecho a que se rectifique su informaci\u00f3n si es inexacta o incompleta.<\/li>\r\n                      <li><span style=\"font-weight: 400;\">El derecho a oponerse.<\/span> Tiene derecho a oponerse a nuestro procesamiento de su informaci\u00f3n personal.<\/li>\r\n                      <li><span style=\"font-weight: 400;\">El derecho de restricci\u00f3n. <\/span>Tiene derecho a solicitar que restrinjamos el procesamiento de su informaci\u00f3n personal.<\/li>\r\n                      <li><span style=\"font-weight: 400;\">El derecho a la portabilidad de datos.<\/span> Tiene derecho a recibir una copia de la informaci\u00f3n que tenemos sobre usted en un formato estructurado, legible por m\u00e1quina y de uso com\u00fan.<\/li>\r\n                      <li><span style=\"font-weight: 400;\">El derecho a retirar el consentimiento.<\/span> Tambi\u00e9n tiene derecho a retirar su consentimiento en cualquier momento en que nos hayamos basado en su consentimiento para procesar su informaci\u00f3n personal.<\/li>\r\n                    <\/ul>\r\n                    <p>Tenga en cuenta que podemos pedirle que verifique su identidad antes de responder a dichas solicitudes.<\/p>\r\n                  <\/div>\r\n                <\/div>\r\n                <div data-colibri-id=\"2766-c45\" class=\"h-global-transition-all h-heading style-1558 style-local-2766-c45 position-relative h-element\">\r\n                  <!---->\r\n                  <div class=\"h-heading__outer style-1558 style-local-2766-c45\">\r\n                    <!---->\r\n                    <!---->\r\n                    <h3 class=\"\">8. Enlaces de terceros<\/h3>\r\n                  <\/div>\r\n                <\/div>\r\n                <div data-colibri-id=\"2766-c44\" class=\"h-text h-text-component style-1547 style-local-2766-c44 position-relative h-element\">\r\n                  <!---->\r\n                  <!---->\r\n                  <div class=\"\">\r\n                    <p>Nuestro Sitio puede contener enlaces a otros sitios web que no son operados por nosotros. Si hace clic en un enlace de un tercero, ser\u00e1 dirigido al sitio de ese tercero. Le recomendamos encarecidamente que revise la Pol\u00edtica de Privacidad\r\n                      de cada sitio que visite.<\/p>\r\n                    <p>No tenemos control ni asumimos ninguna responsabilidad por el contenido, las pol\u00edticas de privacidad o las pr\u00e1cticas de los sitios o servicios de terceros.<\/p>\r\n                  <\/div>\r\n                <\/div>\r\n                <div data-colibri-id=\"2766-c47\" class=\"h-global-transition-all h-heading style-1558 style-local-2766-c47 position-relative h-element\">\r\n                  <!---->\r\n                  <div class=\"h-heading__outer style-1558 style-local-2766-c47\">\r\n                    <!---->\r\n                    <!---->\r\n                    <h3 class=\"\">9. Privacidad de menores<\/h3>\r\n                  <\/div>\r\n                <\/div>\r\n                <div data-colibri-id=\"2766-c46\" class=\"h-text h-text-component style-1547 style-local-2766-c46 position-relative h-element\">\r\n                  <!---->\r\n                  <!---->\r\n                  <div class=\"\">\r\n                    <p>Nuestro Sitio no se dirige a ninguna persona menor de 13 a\u00f1os (\u00abNi\u00f1os\u00bb).<\/p>\r\n                    <p>No recopilamos a sabiendas informaci\u00f3n de identificaci\u00f3n personal de ninguna persona menor de 13 a\u00f1os. Si usted es padre o tutor y sabe que su Hijo nos ha proporcionado datos personales, cont\u00e1ctenos. Si nos damos cuenta de que hemos\r\n                      recopilado datos personales de ni\u00f1os sin verificaci\u00f3n del consentimiento de los padres, tomamos medidas para eliminar esa informaci\u00f3n de nuestros servidores.<\/p>\r\n                  <\/div>\r\n                <\/div>\r\n                <div data-colibri-id=\"2766-c49\" class=\"h-global-transition-all h-heading style-1558 style-local-2766-c49 position-relative h-element\">\r\n                  <!---->\r\n                  <div class=\"h-heading__outer style-1558 style-local-2766-c49\">\r\n                    <!---->\r\n                    <!---->\r\n                    <h3 class=\"\">10. Cambios en la pol\u00edtica<\/h3>\r\n                  <\/div>\r\n                <\/div>\r\n                <div data-colibri-id=\"2766-c48\" class=\"h-text h-text-component style-1547 style-local-2766-c48 position-relative h-element\">\r\n                  <!---->\r\n                  <!---->\r\n                  <div class=\"\">\r\n                    <p>Podemos actualizar nuestra Pol\u00edtica de Privacidad de vez en cuando. Le notificaremos cualquier cambio publicando la nueva Pol\u00edtica de Privacidad en esta p\u00e1gina.<\/p>\r\n                    <p>Le informaremos por correo electr\u00f3nico y\/o un aviso destacado en nuestro Sitio, antes de que el cambio entre en vigor y actualizaremos la \u00abfecha de entrada en vigor\u00bb en la parte superior de esta Pol\u00edtica de Privacidad.<\/p>\r\n                    <p>Se le aconseja que revise esta Pol\u00edtica de Privacidad peri\u00f3dicamente para cualquier cambio. Los cambios a esta Pol\u00edtica de Privacidad son efectivos cuando se publican en esta p\u00e1gina.<\/p>\r\n                  <\/div>\r\n                <\/div>\r\n                <div data-colibri-id=\"2766-c51\" class=\"h-global-transition-all h-heading style-1558 style-local-2766-c51 position-relative h-element\">\r\n                  <!---->\r\n                  <div class=\"h-heading__outer style-1558 style-local-2766-c51\">\r\n                    <!---->\r\n                    <!---->\r\n                    <h3 class=\"\">11. Informaci\u00f3n de contacto<\/h3>\r\n                  <\/div>\r\n                <\/div>\r\n                <div data-colibri-id=\"2766-c50\" class=\"h-text h-text-component style-1547 style-local-2766-c50 position-relative h-element\">\r\n                  <!---->\r\n                  <!---->\r\n                  <div class=\"\">\r\n                    <p>Si tiene alguna pregunta sobre esta Pol\u00edtica de Privacidad, puede contactarnos:<\/p>\r\n                    <ul>\r\n                      <li>Por correo electr\u00f3nico: info@santuarioloscabos.mx<\/li>\r\n                      <li>En la secci\u00f3n de contacto de este sitio.<\/li>\r\n                    <\/ul>\r\n                  <\/div>\r\n                <\/div>\r\n              <\/div>\r\n            <\/div>\r\n          <\/div>\r\n        <\/div>\r\n      <\/div>\r\n    <\/div>\r\n  <\/div>\r\n<\/div>","protected":false},"excerpt":{"rendered":"<p>Pol\u00edtica de Privacidad Fecha de entrada en vigor: 02\/27\/2026 1. Introducci\u00f3n Esta Pol\u00edtica de Privacidad describe c\u00f3mo Desarrolladora Santuario los Cabos (\u00abnosotros\u00bb, \u00abnuestro\u00bb o \u00abla Empresa\u00bb) recopila, utiliza y divulga su informaci\u00f3n personal cuando visita y utiliza el sitio web Santuario los Cabos(el \u00abSitio\u00bb). Nos comprometemos a proteger su privacidad y a manejar su informaci\u00f3n [&hellip;]<\/p>\n","protected":false},"author":1,"featured_media":0,"parent":0,"menu_order":0,"comment_status":"closed","ping_status":"closed","template":"page-templates\/full-width-page.php","meta":{"footnotes":""},"class_list":["post-2766","page","type-page","status-publish","hentry"],"_links":{"self":[{"href":"https:\/\/santuarioloscabos.com\/index.php\/wp-json\/wp\/v2\/pages\/2766","targetHints":{"allow":["GET"]}}],"collection":[{"href":"https:\/\/santuarioloscabos.com\/index.php\/wp-json\/wp\/v2\/pages"}],"about":[{"href":"https:\/\/santuarioloscabos.com\/index.php\/wp-json\/wp\/v2\/types\/page"}],"author":[{"embeddable":true,"href":"https:\/\/santuarioloscabos.com\/index.php\/wp-json\/wp\/v2\/users\/1"}],"replies":[{"embeddable":true,"href":"https:\/\/santuarioloscabos.com\/index.php\/wp-json\/wp\/v2\/comments?post=2766"}],"version-history":[{"count":6,"href":"https:\/\/santuarioloscabos.com\/index.php\/wp-json\/wp\/v2\/pages\/2766\/revisions"}],"predecessor-version":[{"id":5464,"href":"https:\/\/santuarioloscabos.com\/index.php\/wp-json\/wp\/v2\/pages\/2766\/revisions\/5464"}],"wp:attachment":[{"href":"https:\/\/santuarioloscabos.com\/index.php\/wp-json\/wp\/v2\/media?parent=2766"}],"curies":[{"name":"wp","href":"https:\/\/api.w.org\/{rel}","templated":true}]}}