{"id":685,"date":"2019-06-19T07:30:20","date_gmt":"2019-06-19T07:30:20","guid":{"rendered":"http:\/\/gabi.extendstudio.net\/museum\/?page_id=685"},"modified":"2026-03-12T20:15:45","modified_gmt":"2026-03-12T20:15:45","slug":"contact","status":"publish","type":"page","link":"https:\/\/santuarioloscabos.com\/index.php\/contact\/","title":{"rendered":"Contacto"},"content":{"rendered":"<div data-colibri-id=\"685-c1\" class=\"style-428 style-local-685-c1 position-relative\">\n  <!---->\n  <div data-colibri-component=\"section\" data-colibri-id=\"685-c2\" id=\"contact\" class=\"h-section h-section-global-spacing d-flex align-items-lg-center align-items-md-center align-items-center style-1059 style-local-685-c2 position-relative\">\n    <!---->\n    <!---->\n    <div class=\"h-section-grid-container h-section-boxed-container\">\n      <!---->\n      <div data-colibri-id=\"685-c3\" class=\"h-row-container gutters-row-lg-0 gutters-row-md-0 gutters-row-2 gutters-row-v-lg-0 gutters-row-v-md-0 gutters-row-v-2 style-1060 style-local-685-c3 position-relative\">\n        <!---->\n        <div class=\"h-row justify-content-lg-center justify-content-md-center justify-content-center align-items-lg-center align-items-md-center align-items-center gutters-col-lg-0 gutters-col-md-0 gutters-col-2 gutters-col-v-lg-0 gutters-col-v-md-0 gutters-col-v-2\">\n          <!---->\n          <div class=\"h-column h-column-container d-flex h-col-lg-auto h-col-md-auto h-col-auto align-self-lg-center align-self-md-center align-self-center style-1061-outer style-local-685-c4-outer\">\n            <div data-colibri-id=\"685-c4\" class=\"d-flex h-flex-basis h-column__inner h-px-lg-3 h-px-md-3 h-px-2 v-inner-lg-3 v-inner-md-3 v-inner-2 style-1061 style-local-685-c4 position-relative\">\n              <!---->\n              <!---->\n              <div class=\"w-100 h-y-container h-column__content h-column__v-align flex-basis-100 align-self-lg-start align-self-md-start align-self-start\">\n                <!---->\n                <div data-colibri-id=\"685-c5\" class=\"h-row-container gutters-row-lg-0 gutters-row-md-0 gutters-row-0 gutters-row-v-lg-0 gutters-row-v-md-0 gutters-row-v-0 style-1062 style-local-685-c5 position-relative\">\n                  <!---->\n                  <div class=\"h-row justify-content-lg-center justify-content-md-center justify-content-center align-items-lg-stretch align-items-md-stretch align-items-stretch gutters-col-lg-0 gutters-col-md-0 gutters-col-0 gutters-col-v-lg-0 gutters-col-v-md-0 gutters-col-v-0\">\n                    <!---->\n                    <div class=\"h-column h-column-container d-flex h-col-lg-12 h-col-md-12 h-col-12 style-1063-outer style-local-685-c6-outer\">\n                      <div data-colibri-id=\"685-c6\" class=\"d-flex h-flex-basis h-column__inner h-px-lg-0 h-px-md-0 h-px-0 v-inner-lg-0 v-inner-md-0 v-inner-0 style-1063 style-local-685-c6 position-relative\">\n                        <!---->\n                        <!---->\n                        <div class=\"w-100 h-y-container h-column__content h-column__v-align flex-basis-100 align-self-lg-start align-self-md-start align-self-start\">\n                          <!---->\n                          <div data-colibri-id=\"685-c7\" class=\"h-global-transition-all h-heading style-1064 style-local-685-c7 position-relative h-element\">\n                            <!---->\n                            <div class=\"h-heading__outer style-1064 style-local-685-c7\">\n                              <!---->\n                              <!---->\n                              <h3 class=\"\">Estamos para servirte<\/h3>\n                            <\/div>\n                          <\/div>\n                          <div data-colibri-id=\"685-c8\" class=\"h-lead h-text h-text-component style-1065 style-local-685-c8 position-relative h-element\">\n                            <!---->\n                            <!---->\n                            <div class=\"\">\n                              <p>En Santuario te estamos esperando. Agenda una visita y un miembro de nuestro equipo te mostrar\u00e1 todo lo que t\u00fa quieras conocer sobre este proyecto \u00fanico.\n                                <br>\n                                <br>Ya sea a nuestros tel\u00e9fonos o a nuestro correo electr\u00f3nico, estaremos muy contentos por atenderte.<\/p>\n                            <\/div>\n                          <\/div>\n                        <\/div>\n                      <\/div>\n                    <\/div>\n                  <\/div>\n                <\/div>\n                <div data-colibri-id=\"685-c9\" class=\"h-row-container gutters-row-lg-0 gutters-row-md-0 gutters-row-0 gutters-row-v-lg-0 gutters-row-v-md-0 gutters-row-v-0 style-1067 style-local-685-c9 position-relative\">\n                  <!---->\n                  <div class=\"h-row justify-content-lg-center justify-content-md-center justify-content-center align-items-lg-stretch align-items-md-stretch align-items-stretch gutters-col-lg-0 gutters-col-md-0 gutters-col-0 gutters-col-v-lg-0 gutters-col-v-md-0 gutters-col-v-0\">\n                    <!---->\n                    <div class=\"h-column h-column-container d-flex h-col-lg h-col-md h-col-auto style-1068-outer style-local-685-c10-outer\">\n                      <div data-colibri-id=\"685-c10\" class=\"d-flex h-flex-basis h-column__inner h-px-lg-0 h-px-md-0 h-px-2 v-inner-lg-0 v-inner-md-0 v-inner-2 style-1068 style-local-685-c10 position-relative\">\n                        <!---->\n                        <!---->\n                        <div class=\"w-100 h-y-container h-column__content h-column__v-align flex-basis-100 align-self-lg-start align-self-md-start align-self-start\">\n                          <!---->\n                          <div data-colibri-id=\"685-c11\" class=\"h-global-transition-all h-heading style-1066 style-local-685-c11 position-relative h-element\">\n                            <!---->\n                            <div class=\"h-heading__outer style-1066 style-local-685-c11\">\n                              <!---->\n                              <!---->\n                              <h5 class=\"\">ViS\u00cdTANOS <span style=\"font-weight: 300; font-size: 62%;\">(previa cita)<\/span><\/h5>\n                            <\/div>\n                          <\/div>\n                          <div data-colibri-id=\"685-c12\" class=\"h-map style-1075 style-local-685-c12 position-relative h-element\" style=\"overflow: hidden;\">\n                            <!---->\n                            <iframe src=\"https:\/\/www.google.com\/maps\/embed\/v1\/place?q=Santuario%20los%20cabos&amp;zoom=12&amp;key=AIzaSyC-th4U-hY6puwmd5_SWuv45zmtjGCJDes\" class=\"map-iframe\"><\/iframe>\n                          <\/div>\n                        <\/div>\n                      <\/div>\n                    <\/div>\n                  <\/div>\n                <\/div>\n              <\/div>\n            <\/div>\n          <\/div>\n          <div class=\"h-column h-column-container d-flex h-col-lg-auto h-col-md-auto h-col-auto align-self-lg-center align-self-md-center align-self-center style-1076-outer style-local-685-c13-outer\">\n            <div data-colibri-id=\"685-c13\" class=\"d-flex h-flex-basis h-column__inner h-px-lg-3 h-px-md-3 h-px-2 v-inner-lg-3 v-inner-md-3 v-inner-2 style-1076 style-local-685-c13 position-relative\">\n              <!---->\n              <!---->\n              <div class=\"w-100 h-y-container h-column__content h-column__v-align flex-basis-100 align-self-lg-start align-self-md-start align-self-start\">\n                <!---->\n                <div data-colibri-id=\"685-c14\" class=\"style-1074 style-local-685-c14 position-relative h-element\">\n                  <!---->\n                  <div class=\"d-flex flex-wrap h-social-icons justify-content-lg-end justify-content-md-end justify-content-center\">\n                    <div class=\"social-icon-container d-inline-flex\">\n                      <div class=\"icon-container h-social-icon h-global-transition\" style=\"fill: rgb(59, 89, 152);\">\n                        <div class=\"h-icon-svg\" style=\"width: 100%; height: 100%;\">\n                          <!--Icon by Font Awesome (https:\/\/fontawesome.com)-->\n                          <svg version=\"1.1\" xmlns=\"http:\/\/www.w3.org\/2000\/svg\" xmlns:xlink=\"http:\/\/www.w3.org\/1999\/xlink\" id=\"facebook-square\" viewBox=\"0 0 1536 1896.0833\">\n                            <path d=\"M1248 128q119 0 203.5 84.5T1536 416v960q0 119-84.5 203.5T1248 1664h-188v-595h199l30-232h-229V689q0-56 23.5-84t91.5-28l122-1V369q-63-9-178-9-136 0-217.5 80T820 666v171H620v232h200v595H288q-119 0-203.5-84.5T0 1376V416q0-119 84.5-203.5T288 128h960z\"><\/path>\n                          <\/svg>\n                        <\/div>\n                      <\/div>\n                    <\/div>\n                    <div class=\"social-icon-container d-inline-flex\">\n                      <div class=\"icon-container h-social-icon h-global-transition\" style=\"fill: rgb(255, 0, 0);\">\n                        <div class=\"h-icon-svg\" style=\"width: 100%; height: 100%;\">\n                          <!--Icon by Socicon (http:\/\/www.socicon.com)-->\n                          <svg version=\"1.1\" xmlns=\"http:\/\/www.w3.org\/2000\/svg\" viewBox=\"0 0 1500 1500\">\n\n                            <path d=\"M1485.352 451.172c0 0-14.648-105.469-58.594-149.414-58.594-61.523-123.047-61.523-152.344-64.453-208.008-14.648-524.414-14.648-524.414-14.648v0c0 0-316.406 0-524.414 14.648-29.297 2.93-93.75 2.93-152.344 64.453-43.945 43.945-58.594 149.414-58.594 149.414s-14.648 120.117-14.648 240.234v114.258c0 123.047 14.648 243.164 14.648 243.164s14.648 102.539 58.594 149.414c58.594 58.594 134.766 58.594 166.992 64.453 120.117 11.719 509.766 14.648 509.766 14.648s316.406 0 524.414-14.648c29.297-2.93 93.75-5.859 152.344-64.453 43.945-46.875 58.594-149.414 58.594-149.414s14.648-120.117 14.648-243.164v-114.258c0-120.117-14.648-240.234-14.648-240.234zM952.148 761.719v0l-354.492 184.57v-421.875l404.297 210.938z\"><\/path>\n                          <\/svg>\n                        <\/div>\n                      <\/div>\n                    <\/div>\n                    <div class=\"social-icon-container d-inline-flex\">\n                      <div class=\"icon-container h-social-icon h-global-transition\" style=\"fill: rgb(26, 183, 234);\">\n                        <div class=\"h-icon-svg\" style=\"width: 100%; height: 100%;\">\n                          <!--Icon by Font Awesome (https:\/\/fontawesome.com)-->\n                          <svg version=\"1.1\" xmlns=\"http:\/\/www.w3.org\/2000\/svg\" xmlns:xlink=\"http:\/\/www.w3.org\/1999\/xlink\" id=\"vimeo-square\" viewBox=\"0 0 1536 1896.0833\">\n                            <path d=\"M1292 638q10-216-161-222-231-8-312 261 44-19 82-19 85 0 74 96-4 57-74 167t-105 110q-43 0-82-169-13-54-45-255-30-189-160-177-59 7-164 100l-81 72-81 72 52 67q76-52 87-52 57 0 107 179 15 55 45 164.5t45 164.5q68 179 164 179 157 0 383-294 220-283 226-444zm244-222v960q0 119-84.5 203.5T1248 1664H288q-119 0-203.5-84.5T0 1376V416q0-119 84.5-203.5T288 128h960q119 0 203.5 84.5T1536 416z\"><\/path>\n                          <\/svg>\n                        <\/div>\n                      <\/div>\n                    <\/div>\n                  <\/div>\n                <\/div>\n                <div data-colibri-id=\"685-c15\" class=\"h-row-container gutters-row-lg-0 gutters-row-md-0 gutters-row-0 gutters-row-v-lg-0 gutters-row-v-md-0 gutters-row-v-0 style-1067 style-local-685-c15 position-relative\">\n                  <!---->\n                  <div class=\"h-row justify-content-lg-center justify-content-md-center justify-content-center align-items-lg-stretch align-items-md-stretch align-items-stretch gutters-col-lg-0 gutters-col-md-0 gutters-col-0 gutters-col-v-lg-0 gutters-col-v-md-0 gutters-col-v-0\">\n                    <!---->\n                    <div class=\"h-column h-column-container d-flex h-col-lg-auto h-col-md-auto h-col-auto style-1068-outer style-local-685-c16-outer\">\n                      <div data-colibri-id=\"685-c16\" class=\"d-flex h-flex-basis h-column__inner h-px-lg-0 h-px-md-0 h-px-2 v-inner-lg-0 v-inner-md-0 v-inner-2 style-1068 style-local-685-c16 position-relative\">\n                        <!---->\n                        <!---->\n                        <div class=\"w-100 h-y-container h-column__content h-column__v-align flex-basis-100 align-self-lg-start align-self-md-start align-self-start\">\n                          <!---->\n                          <div data-colibri-id=\"685-c17\" class=\"h-icon style-1079 style-local-685-c17 position-relative h-element\">\n                            <!----><span class=\"h-svg-icon h-icon__icon style-1079-icon style-local-685-c17-icon\"><!--Icon by Icons8 Line Awesome (https:\/\/icons8.com\/line-awesome)--><svg version=\"1.1\" xmlns=\"http:\/\/www.w3.org\/2000\/svg\" xmlns:xlink=\"http:\/\/www.w3.org\/1999\/xlink\" id=\"phone\" viewBox=\"0 0 512 545.5\"><path d=\"M138.5 80c8.375 0 16.656 3.024 23.5 8.5l1 .5.5.5 64 66 1.5 1.5-.5.5c14.174 13.212 13.968 35.53.5 49l-32 32c4.92 11.277 18.33 40.02 44.5 65 26.358 25.16 53.932 39.467 65.5 45l31.5-31.5.5-.5c13.28-13.28 36.72-13.28 50 0l.5 1 65 65c13.28 13.28 13.28 36.22 0 49.5L405 481.5l-.5.5-.5.5c-15.01 12.867-36.04 17.486-55.5 11h-.5c-37.55-14.693-113.51-48.01-181.5-116C98.773 309.773 64.052 234.84 50.5 196c-.035-.1.034-.4 0-.5-6.703-18.434-1.915-39.738 13.5-54l-.5-.5 50-51.5.5-.5 1-.5c6.844-5.476 15.125-8.5 23.5-8.5zm0 32c-1.172 0-2.344.575-3.5 1.5L86.5 163l-.5.5-.5.5c-5.674 4.863-7.44 14.493-5 21 12.12 34.847 45.2 106.7 108.5 170 62.784 62.784 133.224 93.76 169.5 108 9.34 3.113 17.11 1.833 24.5-4.5l49-49c2.72-2.72 2.72-1.78 0-4.5l-65.5-65.5c-2.72-2.72-2.28-2.72-5 0l-40 40-7.5 7.5-10-4.5s-43.83-18.552-81-52.5l-3.5-3c-38.595-36.84-57-86-57-86l-3.5-10 7.5-7 40-40c1.966-1.966.874-3.6 1-3.5l-.5-.5-1-1-64-65.5c-1.156-.925-2.328-1.5-3.5-1.5z\"><\/path><\/svg><\/span><\/div>\n                          <div\n                            data-colibri-id=\"685-c18\" class=\"h-text h-text-component style-1072 style-local-685-c18 position-relative h-element\">\n                            <!---->\n                            <!---->\n                            <div class=\"\">\n                              <p>624 188 1112 \u2022 624 218 1172<\/p>\n                            <\/div>\n                        <\/div>\n                      <\/div>\n                    <\/div>\n                  <\/div>\n                  <div class=\"h-column h-column-container d-flex h-col-lg-auto h-col-md-auto h-col-auto style-1071-outer style-local-685-c19-outer\">\n                    <div data-colibri-id=\"685-c19\" class=\"d-flex h-flex-basis h-column__inner h-px-lg-0 h-px-md-0 h-px-2 v-inner-lg-0 v-inner-md-0 v-inner-2 style-1071 style-local-685-c19 position-relative\">\n                      <!---->\n                      <!---->\n                      <div class=\"w-100 h-y-container h-column__content h-column__v-align flex-basis-100 align-self-lg-start align-self-md-start align-self-start\">\n                        <!---->\n                        <div data-colibri-id=\"685-c20\" class=\"h-icon style-1081 style-local-685-c20 position-relative h-element\">\n                          <!----><span class=\"h-svg-icon h-icon__icon style-1081-icon style-local-685-c20-icon\"><!--Icon by Font Awesome (https:\/\/fontawesome.com)-->\n    <svg version=\"1.1\" xmlns=\"http:\/\/www.w3.org\/2000\/svg\" xmlns:xlink=\"http:\/\/www.w3.org\/1999\/xlink\" id=\"envelope-o\" viewBox=\"0 0 1792 1896.0833\">\n      <path d=\"M1664 1504V736q-32 36-69 66-268 206-426 338-51 43-83 67t-86.5 48.5T897 1280h-2q-48 0-102.5-24.5T706 1207t-83-67q-158-132-426-338-37-30-69-66v768q0 13 9.5 22.5t22.5 9.5h1472q13 0 22.5-9.5t9.5-22.5zm0-1051v-24.5l-.5-13-3-12.5-5.5-9-9-7.5-14-2.5H160q-13 0-22.5 9.5T128 416q0 168 147 284 193 152 401 317 6 5 35 29.5t46 37.5 44.5 31.5T852 1143t43 9h2q20 0 43-9t50.5-27.5 44.5-31.5 46-37.5 35-29.5q208-165 401-317 54-43 100.5-115.5T1664 453zm128-37v1088q0 66-47 113t-113 47H160q-66 0-113-47T0 1504V416q0-66 47-113t113-47h1472q66 0 113 47t47 113z\"><\/path>\n    <\/svg><\/span><\/div>\n                        <div data-colibri-id=\"685-c21\" class=\"h-text h-text-component style-1073 style-local-685-c21 position-relative h-element\">\n                          <!---->\n                          <!---->\n                          <div class=\"\">\n                            <p>\n                              <a href=\"mailto:admin@yoursite.com\" target=\"_blank\">info@santuarioloscabos.mx<\/a>\n                            <\/p>\n                          <\/div>\n                        <\/div>\n                      <\/div>\n                    <\/div>\n                  <\/div>\n                <\/div>\n              <\/div>\n              <div data-colibri-id=\"685-c22\" class=\"style-1488 style-local-685-c22 position-relative h-element\">\n                <!---->\n              <\/div>\n              <div data-colibri-id=\"685-c23\" class=\"style-1077 style-local-685-c23 position-relative h-element\">\n                <!---->\n                <div class=\"h-global-transition-all h-global-transition h-global-transition-all h-contact-form-shortcode\">\n<div class=\"wpcf7 no-js\" id=\"wpcf7-f1038-o1\" lang=\"en-US\" dir=\"ltr\">\n<div class=\"screen-reader-response\"><p role=\"status\" aria-live=\"polite\" aria-atomic=\"true\"><\/p> <ul><\/ul><\/div>\n<form action=\"\/index.php\/wp-json\/wp\/v2\/pages\/685#wpcf7-f1038-o1\" method=\"post\" class=\"wpcf7-form init\" aria-label=\"Contact form\" novalidate=\"novalidate\" data-status=\"init\">\n<div style=\"display: none;\">\n<input type=\"hidden\" name=\"_wpcf7\" value=\"1038\" \/>\n<input type=\"hidden\" name=\"_wpcf7_version\" value=\"5.8.6\" \/>\n<input type=\"hidden\" name=\"_wpcf7_locale\" value=\"en_US\" \/>\n<input type=\"hidden\" name=\"_wpcf7_unit_tag\" value=\"wpcf7-f1038-o1\" \/>\n<input type=\"hidden\" name=\"_wpcf7_container_post\" value=\"0\" \/>\n<input type=\"hidden\" name=\"_wpcf7_posted_data_hash\" value=\"\" \/>\n<\/div>\n<p><label> Nombre<br \/>\n<span class=\"wpcf7-form-control-wrap\" data-name=\"your-name\"><input size=\"40\" class=\"wpcf7-form-control wpcf7-text wpcf7-validates-as-required\" aria-required=\"true\" aria-invalid=\"false\" value=\"\" type=\"text\" name=\"your-name\" \/><\/span> <\/label>\n<\/p>\n<p><label> Email<br \/>\n<span class=\"wpcf7-form-control-wrap\" data-name=\"your-email\"><input size=\"40\" class=\"wpcf7-form-control wpcf7-email wpcf7-validates-as-required wpcf7-text wpcf7-validates-as-email\" aria-required=\"true\" aria-invalid=\"false\" value=\"\" type=\"email\" name=\"your-email\" \/><\/span> <\/label>\n<\/p>\n<p><label> Asunto<br \/>\n<span class=\"wpcf7-form-control-wrap\" data-name=\"your-subject\"><input size=\"40\" class=\"wpcf7-form-control wpcf7-text\" aria-invalid=\"false\" value=\"\" type=\"text\" name=\"your-subject\" \/><\/span> <\/label>\n<\/p>\n<p><label> Mensaje<br \/>\n<span class=\"wpcf7-form-control-wrap\" data-name=\"your-message\"><textarea cols=\"40\" rows=\"10\" class=\"wpcf7-form-control wpcf7-textarea\" aria-invalid=\"false\" name=\"your-message\"><\/textarea><\/span> <\/label>\n<\/p>\n<p><input class=\"wpcf7-form-control wpcf7-submit has-spinner\" type=\"submit\" value=\"Enviar\" \/>\n<\/p><div class=\"wpcf7-response-output\" aria-hidden=\"true\"><\/div>\n<\/form>\n<\/div>\n<\/div>\n              <\/div>\n            <\/div>\n          <\/div>\n        <\/div>\n      <\/div>\n    <\/div>\n  <\/div>\n<\/div>\n<\/div>","protected":false},"excerpt":{"rendered":"<p>Estamos para servirte En Santuario te estamos esperando. Agenda una visita y un miembro de nuestro equipo te mostrar\u00e1 todo lo que t\u00fa quieras conocer sobre este proyecto \u00fanico. Ya sea a nuestros tel\u00e9fonos o a nuestro correo electr\u00f3nico, estaremos muy contentos por atenderte. ViS\u00cdTANOS (previa cita) 624 188 1112 \u2022 624 218 1172 info@santuarioloscabos.mx<\/p>\n","protected":false},"author":1,"featured_media":0,"parent":0,"menu_order":0,"comment_status":"closed","ping_status":"closed","template":"page-templates\/full-width-page.php","meta":{"footnotes":""},"class_list":["post-685","page","type-page","status-publish","hentry"],"_links":{"self":[{"href":"https:\/\/santuarioloscabos.com\/index.php\/wp-json\/wp\/v2\/pages\/685","targetHints":{"allow":["GET"]}}],"collection":[{"href":"https:\/\/santuarioloscabos.com\/index.php\/wp-json\/wp\/v2\/pages"}],"about":[{"href":"https:\/\/santuarioloscabos.com\/index.php\/wp-json\/wp\/v2\/types\/page"}],"author":[{"embeddable":true,"href":"https:\/\/santuarioloscabos.com\/index.php\/wp-json\/wp\/v2\/users\/1"}],"replies":[{"embeddable":true,"href":"https:\/\/santuarioloscabos.com\/index.php\/wp-json\/wp\/v2\/comments?post=685"}],"version-history":[{"count":20,"href":"https:\/\/santuarioloscabos.com\/index.php\/wp-json\/wp\/v2\/pages\/685\/revisions"}],"predecessor-version":[{"id":5779,"href":"https:\/\/santuarioloscabos.com\/index.php\/wp-json\/wp\/v2\/pages\/685\/revisions\/5779"}],"wp:attachment":[{"href":"https:\/\/santuarioloscabos.com\/index.php\/wp-json\/wp\/v2\/media?parent=685"}],"curies":[{"name":"wp","href":"https:\/\/api.w.org\/{rel}","templated":true}]}}